{"id":3,"date":"2025-10-14T16:39:16","date_gmt":"2025-10-14T16:39:16","guid":{"rendered":"http:\/\/8q4lvlbvrsq.preview.infomaniak.website\/?page_id=3"},"modified":"2026-04-30T11:12:54","modified_gmt":"2026-04-30T11:12:54","slug":"politica-de-privacidad","status":"publish","type":"page","link":"https:\/\/lisboncatamarantours.com\/es\/privacy-policy\/","title":{"rendered":"Pol\u00edtica de Privacidad"},"content":{"rendered":"<div class=\"wp-block-uagb-container uagb-block-60111ffa alignfull uagb-is-root-container\"><div class=\"uagb-container-inner-blocks-wrap\">\n<h2 class=\"wp-block-heading has-ast-global-color-2-color has-text-color has-link-color wp-elements-1fbc7ac9ef76a8218a412bf2fbf591ec\">Pol\u00edtica de Privacidad<\/h2>\n<\/div><\/div>\n\n\n\n<p>Su privacidad es importante para nosotros. La pol\u00edtica de Lisbon Catamaran Tours es respetar su privacidad con respecto a cualquier informaci\u00f3n que podamos recopilar de usted a trav\u00e9s de nuestro sitio web,&nbsp;<a href=\"https:\/\/lisboncatamarantours.com\/es\/\">Lisbon Catamaran Tours<\/a>, y otros sitios que poseemos y operamos.<\/p>\n\n\n\n<p>Solo solicitamos informaci\u00f3n personal cuando realmente la necesitamos para brindarle un servicio. La recopilamos de forma justa y legal, con su conocimiento y consentimiento. Asimismo, le informamos por qu\u00e9 la recopilamos y c\u00f3mo se utilizar\u00e1.<\/p>\n\n\n\n<p>Solo conservamos la informaci\u00f3n recopilada durante el tiempo necesario para brindarle el servicio solicitado. Protegemos los datos que almacenamos con medidas comercialmente aceptables para evitar su p\u00e9rdida, robo, acceso no autorizado, divulgaci\u00f3n, copia, uso o modificaci\u00f3n.<\/p>\n\n\n\n<p>No compartimos informaci\u00f3n personal identificativa p\u00fablicamente ni con terceros, excepto cuando as\u00ed lo exige la ley.<\/p>\n\n\n\n<p>Nuestro sitio web puede contener enlaces a sitios externos que no son operados por nosotros. Tenga en cuenta que no tenemos control sobre el contenido y las pr\u00e1cticas de estos sitios, y no podemos aceptar responsabilidad alguna por ellos.&nbsp;<a href=\"https:\/\/privacypolicies.in\/\" rel=\"noreferrer noopener\" target=\"_blank\">pol\u00edticas de privacidad<\/a>.<\/p>\n\n\n\n<p>Usted tiene la libertad de negarse a proporcionarnos su informaci\u00f3n personal, entendiendo que, en ese caso, es posible que no podamos brindarle algunos de los servicios que desea.<\/p>\n\n\n\n<p>El uso continuado de nuestro sitio web implica la aceptaci\u00f3n de nuestras pr\u00e1cticas en materia de privacidad y protecci\u00f3n de datos personales. Si tiene alguna pregunta sobre c\u00f3mo gestionamos los datos de los usuarios y su informaci\u00f3n personal, no dude en ponerse en contacto con nosotros.<\/p>\n\n\n\n<h3 class=\"wp-block-heading\">Pol\u00edtica de cookies de Lisbon Catamaran Tours<\/h3>\n\n\n\n<p>Esta es la Pol\u00edtica de Cookies de Lisbon Catamaran Tours, accesible desde la URL https:\/\/lisboncatamarantours.com\/.<\/p>\n\n\n\n<h4 class=\"wp-block-heading\">\u00bfQu\u00e9 son las cookies?<\/h4>\n\n\n\n<p>Como es pr\u00e1ctica habitual en casi todos los sitios web profesionales, este sitio utiliza cookies, que son peque\u00f1os archivos que se descargan en su ordenador para mejorar su experiencia. En esta p\u00e1gina se describe qu\u00e9 informaci\u00f3n recopilan, c\u00f3mo la utilizamos y por qu\u00e9 a veces necesitamos almacenar estas cookies. Tambi\u00e9n le explicaremos c\u00f3mo puede evitar que se almacenen, aunque esto podr\u00eda afectar negativamente o incluso inutilizar algunas funciones del sitio.<\/p>\n\n\n\n<h4 class=\"wp-block-heading\">C\u00f3mo utilizamos las cookies<\/h4>\n\n\n\n<p>Utilizamos cookies por diversas razones que se detallan a continuaci\u00f3n. Lamentablemente, en la mayor\u00eda de los casos no existen opciones est\u00e1ndar para desactivar las cookies sin deshabilitar por completo la funcionalidad y las caracter\u00edsticas que aportan a este sitio. Se recomienda mantener todas las cookies activadas si no est\u00e1 seguro de si las necesita o no, ya que podr\u00edan utilizarse para proporcionar un servicio que usted utiliza.<\/p>\n\n\n\n<h4 class=\"wp-block-heading\">Deshabilitar las cookies<\/h4>\n\n\n\n<p>Puedes impedir que se instalen cookies ajustando la configuraci\u00f3n de tu navegador (consulta la ayuda de tu navegador para saber c\u00f3mo hacerlo). Ten en cuenta que deshabilitar las cookies afectar\u00e1 al funcionamiento de este y muchos otros sitios web que visites. Deshabilitarlas generalmente tambi\u00e9n deshabilitar\u00e1 ciertas funciones y caracter\u00edsticas de este sitio. Por lo tanto, se recomienda no deshabilitarlas.<\/p>\n\n\n\n<h4 class=\"wp-block-heading\">Cookies de terceros<\/h4>\n\n\n\n<p>En algunos casos especiales, tambi\u00e9n utilizamos cookies proporcionadas por terceros de confianza. La siguiente secci\u00f3n detalla qu\u00e9 cookies de terceros podr\u00eda encontrar en este sitio web.<\/p>\n\n\n\n<h4 class=\"wp-block-heading\">Responsabilidades del usuario<\/h4>\n\n\n\n<p>El usuario se compromete a hacer un uso adecuado de los contenidos e informaci\u00f3n ofrecidos en el sitio con un comportamiento enunciativo, pero no imitativo:<\/p>\n\n\n\n<ul class=\"wp-block-list\">\n<li>A) No participar en actividades que sean ilegales o contrarias a la buena fe y al orden p\u00fablico;<\/li>\n\n\n\n<li>B) No difundir propaganda o contenido de naturaleza racista, xen\u00f3foba o relacionada con juegos de azar, ning\u00fan tipo de pornograf\u00eda ilegal, afirmaciones terroristas o contrarias a los derechos humanos;<\/li>\n\n\n\n<li>C) No cause da\u00f1os a los sistemas f\u00edsicos (hardware) e inaccesibles (software) de Lisbon Catamaran Tours, sus proveedores o terceros, para introducir o difundir virus inform\u00e1ticos o cualquier otro sistema de hardware o software que sea capaz de causar los da\u00f1os mencionados anteriormente.<\/li>\n<\/ul>\n\n\n\n<h5 class=\"wp-block-heading\">M\u00e1s informaci\u00f3n<\/h5>\n\n\n\n<p>Esperamos que esto haya aclarado sus dudas y, como ya se mencion\u00f3, si no est\u00e1 seguro de si necesita o no las cookies, generalmente es m\u00e1s seguro dejarlas habilitadas por si interact\u00faan con alguna de las funciones que utiliza en nuestro sitio.<\/p>\n\n\n\n<h6 class=\"wp-block-heading\" style=\"padding-top:var(--wp--preset--spacing--60);padding-bottom:var(--wp--preset--spacing--60)\">Esta pol\u00edtica entrar\u00e1 en vigor el 23 de octubre de 2025.<\/h6>\n\n\n\n<div class=\"wp-block-uagb-container uagb-block-832dd1ad alignfull uagb-is-root-container\"><div class=\"uagb-container-inner-blocks-wrap\"><\/div><\/div>","protected":false},"excerpt":{"rendered":"<p>Privacy Policy Your privacy is important to us. It is Lisbon Catamaran Tours&#8217;s policy to respect your privacy regarding any [&hellip;]<\/p>\n","protected":false},"author":1,"featured_media":0,"parent":0,"menu_order":0,"comment_status":"closed","ping_status":"open","template":"","meta":{"_uag_custom_page_level_css":"","site-sidebar-layout":"default","site-content-layout":"","ast-site-content-layout":"default","site-content-style":"default","site-sidebar-style":"default","ast-global-header-display":"","ast-banner-title-visibility":"","ast-main-header-display":"","ast-hfb-above-header-display":"","ast-hfb-below-header-display":"","ast-hfb-mobile-header-display":"","site-post-title":"disabled","ast-breadcrumbs-content":"","ast-featured-img":"","footer-sml-layout":"","ast-disable-related-posts":"","theme-transparent-header-meta":"","adv-header-id-meta":"","stick-header-meta":"","header-above-stick-meta":"","header-main-stick-meta":"","header-below-stick-meta":"","astra-migrate-meta-layouts":"set","ast-page-background-enabled":"default","ast-page-background-meta":{"desktop":{"background-color":"var(--ast-global-color-4)","background-image":"","background-repeat":"repeat","background-position":"center center","background-size":"auto","background-attachment":"scroll","background-type":"","background-media":"","overlay-type":"","overlay-color":"","overlay-opacity":"","overlay-gradient":""},"tablet":{"background-color":"","background-image":"","background-repeat":"repeat","background-position":"center center","background-size":"auto","background-attachment":"scroll","background-type":"","background-media":"","overlay-type":"","overlay-color":"","overlay-opacity":"","overlay-gradient":""},"mobile":{"background-color":"","background-image":"","background-repeat":"repeat","background-position":"center center","background-size":"auto","background-attachment":"scroll","background-type":"","background-media":"","overlay-type":"","overlay-color":"","overlay-opacity":"","overlay-gradient":""}},"ast-content-background-meta":{"desktop":{"background-color":"var(--ast-global-color-5)","background-image":"","background-repeat":"repeat","background-position":"center center","background-size":"auto","background-attachment":"scroll","background-type":"","background-media":"","overlay-type":"","overlay-color":"","overlay-opacity":"","overlay-gradient":""},"tablet":{"background-color":"var(--ast-global-color-5)","background-image":"","background-repeat":"repeat","background-position":"center center","background-size":"auto","background-attachment":"scroll","background-type":"","background-media":"","overlay-type":"","overlay-color":"","overlay-opacity":"","overlay-gradient":""},"mobile":{"background-color":"var(--ast-global-color-5)","background-image":"","background-repeat":"repeat","background-position":"center center","background-size":"auto","background-attachment":"scroll","background-type":"","background-media":"","overlay-type":"","overlay-color":"","overlay-opacity":"","overlay-gradient":""}},"footnotes":""},"class_list":["post-3","page","type-page","status-publish","hentry"],"yoast_head":"<!-- This site is optimized with the Yoast SEO plugin v27.5 - https:\/\/yoast.com\/product\/yoast-seo-wordpress\/ -->\n<title>Privacy Policy - Lisbon Catamaran Tours<\/title>\n<meta name=\"robots\" content=\"noindex, follow\" \/>\n<meta property=\"og:locale\" content=\"es_ES\" \/>\n<meta property=\"og:type\" content=\"article\" \/>\n<meta property=\"og:title\" content=\"Privacy Policy - Lisbon Catamaran Tours\" \/>\n<meta property=\"og:description\" content=\"Privacy Policy Your privacy is important to us. It is Lisbon Catamaran Tours&#8217;s policy to respect your privacy regarding any [&hellip;]\" \/>\n<meta property=\"og:url\" content=\"https:\/\/lisboncatamarantours.com\/es\/politica-de-privacidad\/\" \/>\n<meta property=\"og:site_name\" content=\"Lisbon Catamaran Tours\" \/>\n<meta property=\"article:modified_time\" content=\"2026-04-30T11:12:54+00:00\" \/>\n<meta property=\"og:image\" content=\"https:\/\/lisboncatamarantours.com\/wp-content\/uploads\/2026\/02\/cropped-Gold-with-text.png\" \/>\n\t<meta property=\"og:image:width\" content=\"1941\" \/>\n\t<meta property=\"og:image:height\" content=\"985\" \/>\n\t<meta property=\"og:image:type\" content=\"image\/png\" \/>\n<meta name=\"twitter:card\" content=\"summary_large_image\" \/>\n<meta name=\"twitter:label1\" content=\"Tiempo de lectura\" \/>\n\t<meta name=\"twitter:data1\" content=\"3 minutos\" \/>\n<script type=\"application\/ld+json\" class=\"yoast-schema-graph\">{\"@context\":\"https:\\\/\\\/schema.org\",\"@graph\":[{\"@type\":\"WebPage\",\"@id\":\"https:\\\/\\\/lisboncatamarantours.com\\\/privacy-policy\\\/\",\"url\":\"https:\\\/\\\/lisboncatamarantours.com\\\/privacy-policy\\\/\",\"name\":\"Privacy Policy - Lisbon Catamaran Tours\",\"isPartOf\":{\"@id\":\"https:\\\/\\\/lisboncatamarantours.com\\\/#website\"},\"datePublished\":\"2025-10-14T16:39:16+00:00\",\"dateModified\":\"2026-04-30T11:12:54+00:00\",\"breadcrumb\":{\"@id\":\"https:\\\/\\\/lisboncatamarantours.com\\\/privacy-policy\\\/#breadcrumb\"},\"inLanguage\":\"es\",\"potentialAction\":[{\"@type\":\"ReadAction\",\"target\":[\"https:\\\/\\\/lisboncatamarantours.com\\\/privacy-policy\\\/\"]}]},{\"@type\":\"BreadcrumbList\",\"@id\":\"https:\\\/\\\/lisboncatamarantours.com\\\/privacy-policy\\\/#breadcrumb\",\"itemListElement\":[{\"@type\":\"ListItem\",\"position\":1,\"name\":\"Home\",\"item\":\"https:\\\/\\\/lisboncatamarantours.com\\\/\"},{\"@type\":\"ListItem\",\"position\":2,\"name\":\"Privacy Policy\"}]},{\"@type\":\"WebSite\",\"@id\":\"https:\\\/\\\/lisboncatamarantours.com\\\/#website\",\"url\":\"https:\\\/\\\/lisboncatamarantours.com\\\/\",\"name\":\"Lisbon Catamaran Tours\",\"description\":\"Unmatched excellence in catamaran tours\",\"publisher\":{\"@id\":\"https:\\\/\\\/lisboncatamarantours.com\\\/#organization\"},\"potentialAction\":[{\"@type\":\"SearchAction\",\"target\":{\"@type\":\"EntryPoint\",\"urlTemplate\":\"https:\\\/\\\/lisboncatamarantours.com\\\/?s={search_term_string}\"},\"query-input\":{\"@type\":\"PropertyValueSpecification\",\"valueRequired\":true,\"valueName\":\"search_term_string\"}}],\"inLanguage\":\"es\"},{\"@type\":\"Organization\",\"@id\":\"https:\\\/\\\/lisboncatamarantours.com\\\/#organization\",\"name\":\"Lisbon Catamaran Tours\",\"url\":\"https:\\\/\\\/lisboncatamarantours.com\\\/\",\"logo\":{\"@type\":\"ImageObject\",\"inLanguage\":\"es\",\"@id\":\"https:\\\/\\\/lisboncatamarantours.com\\\/#\\\/schema\\\/logo\\\/image\\\/\",\"url\":\"https:\\\/\\\/lisboncatamarantours.com\\\/wp-content\\\/uploads\\\/2026\\\/02\\\/cropped-original-proposal.jpeg\",\"contentUrl\":\"https:\\\/\\\/lisboncatamarantours.com\\\/wp-content\\\/uploads\\\/2026\\\/02\\\/cropped-original-proposal.jpeg\",\"width\":1022,\"height\":572,\"caption\":\"Lisbon Catamaran Tours\"},\"image\":{\"@id\":\"https:\\\/\\\/lisboncatamarantours.com\\\/#\\\/schema\\\/logo\\\/image\\\/\"}}]}<\/script>\n<!-- \/ Yoast SEO plugin. -->","yoast_head_json":{"title":"Pol\u00edtica de privacidad - Tours en catamar\u00e1n desde Lisboa","robots":{"index":"noindex","follow":"follow"},"og_locale":"es_ES","og_type":"article","og_title":"Privacy Policy - Lisbon Catamaran Tours","og_description":"Privacy Policy Your privacy is important to us. It is Lisbon Catamaran Tours&#8217;s policy to respect your privacy regarding any [&hellip;]","og_url":"https:\/\/lisboncatamarantours.com\/es\/politica-de-privacidad\/","og_site_name":"Lisbon Catamaran Tours","article_modified_time":"2026-04-30T11:12:54+00:00","og_image":[{"width":1941,"height":985,"url":"https:\/\/lisboncatamarantours.com\/wp-content\/uploads\/2026\/02\/cropped-Gold-with-text.png","type":"image\/png"}],"twitter_card":"summary_large_image","twitter_misc":{"Tiempo de lectura":"3 minutos"},"schema":{"@context":"https:\/\/schema.org","@graph":[{"@type":"WebPage","@id":"https:\/\/lisboncatamarantours.com\/privacy-policy\/","url":"https:\/\/lisboncatamarantours.com\/privacy-policy\/","name":"Pol\u00edtica de privacidad - Tours en catamar\u00e1n desde Lisboa","isPartOf":{"@id":"https:\/\/lisboncatamarantours.com\/#website"},"datePublished":"2025-10-14T16:39:16+00:00","dateModified":"2026-04-30T11:12:54+00:00","breadcrumb":{"@id":"https:\/\/lisboncatamarantours.com\/privacy-policy\/#breadcrumb"},"inLanguage":"es","potentialAction":[{"@type":"ReadAction","target":["https:\/\/lisboncatamarantours.com\/privacy-policy\/"]}]},{"@type":"BreadcrumbList","@id":"https:\/\/lisboncatamarantours.com\/privacy-policy\/#breadcrumb","itemListElement":[{"@type":"ListItem","position":1,"name":"Home","item":"https:\/\/lisboncatamarantours.com\/"},{"@type":"ListItem","position":2,"name":"Privacy Policy"}]},{"@type":"WebSite","@id":"https:\/\/lisboncatamarantours.com\/#website","url":"https:\/\/lisboncatamarantours.com\/","name":"Lisbon Catamaran Tours","description":"Excelencia inigualable en tours en catamar\u00e1n","publisher":{"@id":"https:\/\/lisboncatamarantours.com\/#organization"},"potentialAction":[{"@type":"SearchAction","target":{"@type":"EntryPoint","urlTemplate":"https:\/\/lisboncatamarantours.com\/?s={search_term_string}"},"query-input":{"@type":"PropertyValueSpecification","valueRequired":true,"valueName":"search_term_string"}}],"inLanguage":"es"},{"@type":"Organization","@id":"https:\/\/lisboncatamarantours.com\/#organization","name":"Lisbon Catamaran Tours","url":"https:\/\/lisboncatamarantours.com\/","logo":{"@type":"ImageObject","inLanguage":"es","@id":"https:\/\/lisboncatamarantours.com\/#\/schema\/logo\/image\/","url":"https:\/\/lisboncatamarantours.com\/wp-content\/uploads\/2026\/02\/cropped-original-proposal.jpeg","contentUrl":"https:\/\/lisboncatamarantours.com\/wp-content\/uploads\/2026\/02\/cropped-original-proposal.jpeg","width":1022,"height":572,"caption":"Lisbon Catamaran Tours"},"image":{"@id":"https:\/\/lisboncatamarantours.com\/#\/schema\/logo\/image\/"}}]}},"spectra_custom_meta":{"_wp_page_template":["default"],"surerank_seo_checks":["a:14:{s:14:\"h2_subheadings\";a:3:{s:6:\"status\";s:7:\"success\";s:7:\"message\";s:38:\"Page contains at least one subheading.\";s:4:\"type\";s:4:\"page\";}s:13:\"media_present\";a:3:{s:6:\"status\";s:7:\"warning\";s:7:\"message\";s:39:\"No images or videos found on this page.\";s:4:\"type\";s:4:\"page\";}s:13:\"links_present\";a:3:{s:6:\"status\";s:7:\"success\";s:7:\"message\";s:30:\"Links are present on the page.\";s:4:\"type\";s:4:\"page\";}s:10:\"url_length\";a:3:{s:6:\"status\";s:7:\"success\";s:7:\"message\";s:35:\"Page URL is short and SEO-friendly.\";s:4:\"type\";s:4:\"page\";}s:19:\"search_engine_title\";a:3:{s:6:\"status\";s:7:\"success\";s:7:\"message\";s:55:\"Search engine title is present and under 60 characters.\";s:4:\"type\";s:4:\"page\";}s:25:\"search_engine_description\";a:3:{s:6:\"status\";s:7:\"success\";s:7:\"message\";s:62:\"Search engine description is present and under 160 characters.\";s:4:\"type\";s:4:\"page\";}s:13:\"canonical_url\";a:3:{s:6:\"status\";s:7:\"success\";s:7:\"message\";s:37:\"Canonical tag is present on the page.\";s:4:\"type\";s:4:\"page\";}s:15:\"open_graph_tags\";a:3:{s:6:\"status\";s:7:\"success\";s:7:\"message\";s:40:\"Open Graph tags are present on the page.\";s:4:\"type\";s:4:\"page\";}s:16:\"keyword_in_title\";a:3:{s:6:\"status\";s:10:\"suggestion\";s:7:\"message\";s:38:\"No focus keyword set to analyze title.\";s:4:\"type\";s:7:\"keyword\";}s:22:\"keyword_in_description\";a:3:{s:6:\"status\";s:10:\"suggestion\";s:7:\"message\";s:49:\"No focus keyword set to analyze meta description.\";s:4:\"type\";s:7:\"keyword\";}s:14:\"keyword_in_url\";a:3:{s:6:\"status\";s:10:\"suggestion\";s:7:\"message\";s:36:\"No focus keyword set to analyze URL.\";s:4:\"type\";s:7:\"keyword\";}s:18:\"keyword_in_content\";a:3:{s:6:\"status\";s:10:\"suggestion\";s:7:\"message\";s:40:\"No focus keyword set to analyze content.\";s:4:\"type\";s:7:\"keyword\";}s:12:\"broken_links\";a:0:{}s:9:\"all_links\";a:2:{i:0;s:33:\"https:\/\/lisboncatamarantours.com\/\";i:1;s:27:\"https:\/\/privacypolicies.in\/\";}}"],"surerank_seo_checks_last_updated":["1763718914"],"_edit_lock":["1777547576:1"],"_uag_custom_page_level_css":[""],"site-sidebar-layout":["default"],"site-content-layout":[""],"ast-site-content-layout":["default"],"site-content-style":["default"],"site-sidebar-style":["default"],"ast-global-header-display":[""],"ast-banner-title-visibility":[""],"ast-main-header-display":[""],"ast-hfb-above-header-display":[""],"ast-hfb-below-header-display":[""],"ast-hfb-mobile-header-display":[""],"site-post-title":["disabled"],"ast-breadcrumbs-content":[""],"ast-featured-img":[""],"footer-sml-layout":[""],"theme-transparent-header-meta":[""],"adv-header-id-meta":[""],"stick-header-meta":[""],"header-above-stick-meta":[""],"header-main-stick-meta":[""],"header-below-stick-meta":[""],"astra-migrate-meta-layouts":["set"],"ast-page-background-enabled":["default"],"ast-page-background-meta":["a:3:{s:7:\"desktop\";a:12:{s:16:\"background-color\";s:25:\"var(--ast-global-color-4)\";s:16:\"background-image\";s:0:\"\";s:17:\"background-repeat\";s:6:\"repeat\";s:19:\"background-position\";s:13:\"center center\";s:15:\"background-size\";s:4:\"auto\";s:21:\"background-attachment\";s:6:\"scroll\";s:15:\"background-type\";s:0:\"\";s:16:\"background-media\";s:0:\"\";s:12:\"overlay-type\";s:0:\"\";s:13:\"overlay-color\";s:0:\"\";s:15:\"overlay-opacity\";s:0:\"\";s:16:\"overlay-gradient\";s:0:\"\";}s:6:\"tablet\";a:12:{s:16:\"background-color\";s:0:\"\";s:16:\"background-image\";s:0:\"\";s:17:\"background-repeat\";s:6:\"repeat\";s:19:\"background-position\";s:13:\"center center\";s:15:\"background-size\";s:4:\"auto\";s:21:\"background-attachment\";s:6:\"scroll\";s:15:\"background-type\";s:0:\"\";s:16:\"background-media\";s:0:\"\";s:12:\"overlay-type\";s:0:\"\";s:13:\"overlay-color\";s:0:\"\";s:15:\"overlay-opacity\";s:0:\"\";s:16:\"overlay-gradient\";s:0:\"\";}s:6:\"mobile\";a:12:{s:16:\"background-color\";s:0:\"\";s:16:\"background-image\";s:0:\"\";s:17:\"background-repeat\";s:6:\"repeat\";s:19:\"background-position\";s:13:\"center center\";s:15:\"background-size\";s:4:\"auto\";s:21:\"background-attachment\";s:6:\"scroll\";s:15:\"background-type\";s:0:\"\";s:16:\"background-media\";s:0:\"\";s:12:\"overlay-type\";s:0:\"\";s:13:\"overlay-color\";s:0:\"\";s:15:\"overlay-opacity\";s:0:\"\";s:16:\"overlay-gradient\";s:0:\"\";}}"],"ast-content-background-meta":["a:3:{s:7:\"desktop\";a:12:{s:16:\"background-color\";s:25:\"var(--ast-global-color-5)\";s:16:\"background-image\";s:0:\"\";s:17:\"background-repeat\";s:6:\"repeat\";s:19:\"background-position\";s:13:\"center center\";s:15:\"background-size\";s:4:\"auto\";s:21:\"background-attachment\";s:6:\"scroll\";s:15:\"background-type\";s:0:\"\";s:16:\"background-media\";s:0:\"\";s:12:\"overlay-type\";s:0:\"\";s:13:\"overlay-color\";s:0:\"\";s:15:\"overlay-opacity\";s:0:\"\";s:16:\"overlay-gradient\";s:0:\"\";}s:6:\"tablet\";a:12:{s:16:\"background-color\";s:25:\"var(--ast-global-color-5)\";s:16:\"background-image\";s:0:\"\";s:17:\"background-repeat\";s:6:\"repeat\";s:19:\"background-position\";s:13:\"center center\";s:15:\"background-size\";s:4:\"auto\";s:21:\"background-attachment\";s:6:\"scroll\";s:15:\"background-type\";s:0:\"\";s:16:\"background-media\";s:0:\"\";s:12:\"overlay-type\";s:0:\"\";s:13:\"overlay-color\";s:0:\"\";s:15:\"overlay-opacity\";s:0:\"\";s:16:\"overlay-gradient\";s:0:\"\";}s:6:\"mobile\";a:12:{s:16:\"background-color\";s:25:\"var(--ast-global-color-5)\";s:16:\"background-image\";s:0:\"\";s:17:\"background-repeat\";s:6:\"repeat\";s:19:\"background-position\";s:13:\"center center\";s:15:\"background-size\";s:4:\"auto\";s:21:\"background-attachment\";s:6:\"scroll\";s:15:\"background-type\";s:0:\"\";s:16:\"background-media\";s:0:\"\";s:12:\"overlay-type\";s:0:\"\";s:13:\"overlay-color\";s:0:\"\";s:15:\"overlay-opacity\";s:0:\"\";s:16:\"overlay-gradient\";s:0:\"\";}}"],"footnotes":[""],"_uagb_previous_block_counts":["a:90:{s:21:\"uagb\/advanced-heading\";i:0;s:15:\"uagb\/blockquote\";i:0;s:12:\"uagb\/buttons\";i:0;s:18:\"uagb\/buttons-child\";i:0;s:19:\"uagb\/call-to-action\";i:0;s:15:\"uagb\/cf7-styler\";i:0;s:11:\"uagb\/column\";i:0;s:12:\"uagb\/columns\";i:0;s:14:\"uagb\/container\";i:2;s:21:\"uagb\/content-timeline\";i:0;s:27:\"uagb\/content-timeline-child\";i:0;s:14:\"uagb\/countdown\";i:0;s:12:\"uagb\/counter\";i:0;s:8:\"uagb\/faq\";i:0;s:14:\"uagb\/faq-child\";i:0;s:10:\"uagb\/forms\";i:0;s:17:\"uagb\/forms-accept\";i:0;s:19:\"uagb\/forms-checkbox\";i:0;s:15:\"uagb\/forms-date\";i:0;s:16:\"uagb\/forms-email\";i:0;s:17:\"uagb\/forms-hidden\";i:0;s:15:\"uagb\/forms-name\";i:0;s:16:\"uagb\/forms-phone\";i:0;s:16:\"uagb\/forms-radio\";i:0;s:17:\"uagb\/forms-select\";i:0;s:19:\"uagb\/forms-textarea\";i:0;s:17:\"uagb\/forms-toggle\";i:0;s:14:\"uagb\/forms-url\";i:0;s:14:\"uagb\/gf-styler\";i:0;s:15:\"uagb\/google-map\";i:0;s:11:\"uagb\/how-to\";i:0;s:16:\"uagb\/how-to-step\";i:0;s:9:\"uagb\/icon\";i:0;s:14:\"uagb\/icon-list\";i:0;s:20:\"uagb\/icon-list-child\";i:0;s:10:\"uagb\/image\";i:0;s:18:\"uagb\/image-gallery\";i:0;s:13:\"uagb\/info-box\";i:0;s:18:\"uagb\/inline-notice\";i:0;s:11:\"uagb\/lottie\";i:0;s:21:\"uagb\/marketing-button\";i:0;s:10:\"uagb\/modal\";i:0;s:18:\"uagb\/popup-builder\";i:0;s:16:\"uagb\/post-button\";i:0;s:18:\"uagb\/post-carousel\";i:0;s:17:\"uagb\/post-excerpt\";i:0;s:14:\"uagb\/post-grid\";i:0;s:15:\"uagb\/post-image\";i:0;s:17:\"uagb\/post-masonry\";i:0;s:14:\"uagb\/post-meta\";i:0;s:18:\"uagb\/post-taxonomy\";i:0;s:18:\"uagb\/post-timeline\";i:0;s:15:\"uagb\/post-title\";i:0;s:20:\"uagb\/restaurant-menu\";i:0;s:26:\"uagb\/restaurant-menu-child\";i:0;s:11:\"uagb\/review\";i:0;s:12:\"uagb\/section\";i:0;s:14:\"uagb\/separator\";i:0;s:11:\"uagb\/slider\";i:0;s:17:\"uagb\/slider-child\";i:0;s:17:\"uagb\/social-share\";i:0;s:23:\"uagb\/social-share-child\";i:0;s:16:\"uagb\/star-rating\";i:0;s:23:\"uagb\/sure-cart-checkout\";i:0;s:22:\"uagb\/sure-cart-product\";i:0;s:15:\"uagb\/sure-forms\";i:0;s:22:\"uagb\/table-of-contents\";i:0;s:9:\"uagb\/tabs\";i:0;s:15:\"uagb\/tabs-child\";i:0;s:18:\"uagb\/taxonomy-list\";i:0;s:9:\"uagb\/team\";i:0;s:16:\"uagb\/testimonial\";i:0;s:14:\"uagb\/wp-search\";i:0;s:19:\"uagb\/instagram-feed\";i:0;s:10:\"uagb\/login\";i:0;s:17:\"uagb\/loop-builder\";i:0;s:18:\"uagb\/loop-category\";i:0;s:20:\"uagb\/loop-pagination\";i:0;s:15:\"uagb\/loop-reset\";i:0;s:16:\"uagb\/loop-search\";i:0;s:14:\"uagb\/loop-sort\";i:0;s:17:\"uagb\/loop-wrapper\";i:0;s:13:\"uagb\/register\";i:0;s:19:\"uagb\/register-email\";i:0;s:24:\"uagb\/register-first-name\";i:0;s:23:\"uagb\/register-last-name\";i:0;s:22:\"uagb\/register-password\";i:0;s:30:\"uagb\/register-reenter-password\";i:0;s:19:\"uagb\/register-terms\";i:0;s:22:\"uagb\/register-username\";i:0;}"],"_edit_last":["1"],"_yoast_wpseo_content_score":["30"],"_yoast_wpseo_estimated-reading-time-minutes":["3"],"_yoast_wpseo_meta-robots-noindex":["1"],"_yoast_wpseo_opengraph-image":["https:\/\/lisboncatamarantours.com\/wp-content\/uploads\/2026\/02\/cropped-Gold-with-text-1024x520.png"],"_yoast_wpseo_opengraph-image-id":["2897"],"_uagb_last_spectra_edit":["1776793239"],"ao_post_optimize":["a:6:{s:16:\"ao_post_optimize\";s:2:\"on\";s:19:\"ao_post_js_optimize\";s:2:\"on\";s:20:\"ao_post_css_optimize\";s:2:\"on\";s:12:\"ao_post_ccss\";s:2:\"on\";s:16:\"ao_post_lazyload\";s:2:\"on\";s:15:\"ao_post_preload\";s:0:\"\";}"],"_uag_css_file_name":["uag-css-3.css"],"_uag_js_file_name":["uag-js-3.js"]},"uagb_featured_image_src":{"full":false,"thumbnail":false,"medium":false,"medium_large":false,"large":false,"1536x1536":false,"2048x2048":false,"trp-custom-language-flag":false},"uagb_author_info":{"display_name":"filipa","author_link":"https:\/\/lisboncatamarantours.com\/es\/author\/filipa\/"},"uagb_comment_info":0,"uagb_excerpt":"Privacy Policy Your privacy is important to us. It is Lisbon Catamaran Tours&#8217;s policy to respect your privacy regarding any [&hellip;]","_links":{"self":[{"href":"https:\/\/lisboncatamarantours.com\/es\/wp-json\/wp\/v2\/pages\/3","targetHints":{"allow":["GET"]}}],"collection":[{"href":"https:\/\/lisboncatamarantours.com\/es\/wp-json\/wp\/v2\/pages"}],"about":[{"href":"https:\/\/lisboncatamarantours.com\/es\/wp-json\/wp\/v2\/types\/page"}],"author":[{"embeddable":true,"href":"https:\/\/lisboncatamarantours.com\/es\/wp-json\/wp\/v2\/users\/1"}],"replies":[{"embeddable":true,"href":"https:\/\/lisboncatamarantours.com\/es\/wp-json\/wp\/v2\/comments?post=3"}],"version-history":[{"count":15,"href":"https:\/\/lisboncatamarantours.com\/es\/wp-json\/wp\/v2\/pages\/3\/revisions"}],"predecessor-version":[{"id":3673,"href":"https:\/\/lisboncatamarantours.com\/es\/wp-json\/wp\/v2\/pages\/3\/revisions\/3673"}],"wp:attachment":[{"href":"https:\/\/lisboncatamarantours.com\/es\/wp-json\/wp\/v2\/media?parent=3"}],"curies":[{"name":"wp","href":"https:\/\/api.w.org\/{rel}","templated":true}]}}